{"id":10509,"date":"2024-05-07T08:34:38","date_gmt":"2024-05-07T11:34:38","guid":{"rendered":"https:\/\/www.ucse.edu.ar\/notiucse\/?page_id=10509"},"modified":"2024-05-08T10:23:05","modified_gmt":"2024-05-08T13:23:05","slug":"agenda","status":"publish","type":"page","link":"https:\/\/www.ucse.edu.ar\/notiucse\/agenda\/","title":{"rendered":"Agenda UCSE"},"content":{"rendered":"<h2>A\u00f1ade aqu\u00ed tu texto de cabecera<\/h2>\n<p>Mi\u00e9rcoles 18 de mayo | 18.30<\/p>\n<h2>A\u00f1ade aqu\u00ed tu texto de cabecera<\/h2>\n<p>Mi\u00e9rcoles 15 de mayo | 18.30<\/p>\n<h2>A\u00f1ade aqu\u00ed tu texto de cabecera<\/h2>\n<p>Mi\u00e9rcoles 15 de mayo | 18.30<\/p>\n","protected":false},"excerpt":{"rendered":"<p>A\u00f1ade aqu\u00ed tu texto de cabecera Mi\u00e9rcoles 18 de mayo | 18.30 A\u00f1ade aqu\u00ed tu texto de cabecera Mi\u00e9rcoles 15 de mayo | 18.30 A\u00f1ade aqu\u00ed tu texto de cabecera Mi\u00e9rcoles 15 de mayo | 18.30<\/p>\n","protected":false},"author":2,"featured_media":0,"parent":0,"menu_order":0,"comment_status":"closed","ping_status":"closed","template":"","meta":{"_exactmetrics_skip_tracking":false,"_exactmetrics_sitenote_active":false,"_exactmetrics_sitenote_note":"","_exactmetrics_sitenote_category":0,"footnotes":""},"_links":{"self":[{"href":"https:\/\/www.ucse.edu.ar\/notiucse\/wp-json\/wp\/v2\/pages\/10509"}],"collection":[{"href":"https:\/\/www.ucse.edu.ar\/notiucse\/wp-json\/wp\/v2\/pages"}],"about":[{"href":"https:\/\/www.ucse.edu.ar\/notiucse\/wp-json\/wp\/v2\/types\/page"}],"author":[{"embeddable":true,"href":"https:\/\/www.ucse.edu.ar\/notiucse\/wp-json\/wp\/v2\/users\/2"}],"replies":[{"embeddable":true,"href":"https:\/\/www.ucse.edu.ar\/notiucse\/wp-json\/wp\/v2\/comments?post=10509"}],"version-history":[{"count":11,"href":"https:\/\/www.ucse.edu.ar\/notiucse\/wp-json\/wp\/v2\/pages\/10509\/revisions"}],"predecessor-version":[{"id":10567,"href":"https:\/\/www.ucse.edu.ar\/notiucse\/wp-json\/wp\/v2\/pages\/10509\/revisions\/10567"}],"wp:attachment":[{"href":"https:\/\/www.ucse.edu.ar\/notiucse\/wp-json\/wp\/v2\/media?parent=10509"}],"curies":[{"name":"wp","href":"https:\/\/api.w.org\/{rel}","templated":true}]}}